{"id":144,"date":"2021-03-08T08:49:47","date_gmt":"2021-03-08T08:49:47","guid":{"rendered":"https:\/\/asii-curateniei.ro\/politica-de-confidentialitate\/"},"modified":"2024-08-01T12:59:17","modified_gmt":"2024-08-01T12:59:17","slug":"politica-de-cookies","status":"publish","type":"page","link":"https:\/\/asii-curateniei.ro\/en\/politica-de-cookies\/","title":{"rendered":"Politica de cookies"},"content":{"rendered":"<p>[vc_row][vc_column][vc_column_text]<\/p>\n<div class=\"grid_18\">\n<div class=\"col-md-12\">\n<h2>Privacy Policy<\/h2>\n<p>We use cookies to customize content and ads, to provide social networking features and to analyze traffic. We also offer social networking, advertising, and analytics partners information on how you use our site. They can combine them with other information you provide or collected from using their services.<\/p>\n<p>The information below is intended to inform the user about the placement, use and administration of cookies used by \u00a0DIFFSERVICII website at http:\/\/www.asii-curateniei.ro. There are also some helpful links to this topic.<\/p>\n<p>Contact: If you need more information and can not be found below, you can contact us at office@asii-curateniei.ro or call 0722 62 80 84.<\/p>\n<p>Please read the following information carefully:<\/p>\n<p>This website uses its own cookies and third-party cookies to provide visitors with a much better browsing experience and services tailored to their needs and interests.<\/p>\n<p>In what we call &#8220;web 2.0,&#8221; cookies play an important role in facilitating the access and delivery of the many services the user enjoys on the Internet, such as:<\/p>\n<p>\u2022 Customizing certain settings such as: the language in which a site is viewed, the currency in which certain prices or tariffs are expressed, the storage of options for various products (measures, other details, etc.) in the shopping cart (and the storage of these options) the flexibility of offers or &#8220;shopping cart&#8221; (accessing old preferences by clicking the &#8220;forward&#8221; and &#8220;back&#8221; button)<\/p>\n<p>\u2022 Cookies provide site owners with valuable feedback on how their sites are used by users so they can make them more effective and more accessible to users.<\/p>\n<p>\u2022 Allow multimedia or other applications on other sites to be included in a particular site to create a more valuable, useful, and enjoyable browsing experience;<\/p>\n<p>\u2022 Improve the efficiency of online advertising.<\/p>\n<p><strong>What are cookies?<\/strong><\/p>\n<p>Cookies are small files or information that can be placed on your device (pc, laptop, tablet, smartphone, etc.) used to access www.asii-curateniei.ro or subdomains. Cookies are not harmful to users and can not contain viruses or other programs that damage the devices used to access websites.<\/p>\n<p><strong>Why does asii-curateniei.ro use cookies?<\/strong><\/p>\n<p>We use cookies to make the www.asii-curateniei.ro site easier to use and to better meet your needs. We also use cookies to understand how users interact with our site by analyzing various anonymous statistical information. We can not personally identify the user based on this information.<\/p>\n<p><strong>What types of cookies are we using?<\/strong><\/p>\n<p>We use the services of various companies that place cookies on our site. Through these actions, we try to improve our business and, implicitly, the quality of our services. Information on this type of cookies will be found on relevant third party websites.<\/p>\n<p>\u2022 Site performance cookies<\/p>\n<p>\u2022 Visitor analysis cookies<\/p>\n<p>\u2022 Cookies for geotargetting<\/p>\n<p>\u2022 Recording cookies<\/p>\n<p>\u2022 Cookies for advertising<\/p>\n<p>\u2022 Advertiser cookies<\/p>\n<p>Some examples of companies \/ services \/ cookies:<\/p>\n<p>\u2022 a) Google:<\/p>\n<p>\u2022 Google Analytics, DoubleClick, Google AdWords, Google Maps.<\/p>\n<p>\u2022 Google gives you the option to control these cookies HERE or as a secondary option directly from your browser. Through these third party partner services, we analyze the effectiveness of our ads, our site, and how users interact with it.<\/p>\n<p>\u2022 b) Facebook, Twitter, Google+, LinkedIn, short social networking sites.<\/p>\n<div>\n<div class=\"CookieDeclaration\" dir=\"ltr\" lang=\"ro\">\n<p>Consim\u0163\u0103m\u00e2ntul dvs. se aplic\u0103 urm\u0103toarelor domenii: www.asii-curateniei.ro<\/p>\n<div id=\"CookieDeclarationUserStatusPanel\" data-responsemode=\"leveloptin\" data-dialogtemplate=\"slideup_white\">\n<div id=\"CookieDeclarationUserStatusLabel\">\n<div id=\"CookieDeclarationUserStatusLabelOn\">Starea dumneavoastr\u0103 actual\u0103: Permitere toate.<\/div>\n<p id=\"CookieDeclarationConsentIdAndDate\">ID consim\u021b\u0103m\u00e2nt:\u00a0<span id=\"CookieDeclarationUserStatusLabelConsentId\">yhzY8vpPtWR\/R3OLXXERs1VBOS8ANtdsvo7NSP9W6pXAw08TLITMWg==<\/span>Dat\u0103 consim\u021b\u0103m\u00e2nt:\u00a0<span id=\"CookieDeclarationUserStatusLabelConsentDate\">luni, 8 martie 2021, 10:39:56 EET<\/span><\/p>\n<\/div>\n<div id=\"CookieDeclarationChangeConsent\"><a id=\"CookieDeclarationChangeConsentChange\" href=\"http:\/\/www.asii-curateniei.ro\/#\">Schimba\u021bi consim\u021b\u0103m\u00e2ntul dumneavoastr\u0103<\/a><span id=\"CookieDeclarationUserStatusLabelWithdraw\">\u00a0\u00a0|\u00a0\u00a0<a id=\"CookieDeclarationChangeConsentWithdraw\" href=\"http:\/\/www.asii-curateniei.ro\/#\">Retragere consim\u021b\u0103m\u00e2nt<\/a><\/span><\/div>\n<\/div>\n<p>&nbsp;<\/p>\n<p class=\"CookieDeclarationLastUpdated\">Declara\u0163ie cookie-uri actualizat\u0103 ultima oar\u0103 \u00een data de 2\/19\/21 by\u00a0<a title=\"Cookiebot\" href=\"https:\/\/www.cookiebot.com\/\" target=\"_blank\" rel=\"noopener\">Cookiebot<\/a>:<\/p>\n<div class=\"CookieDeclarationType\" dir=\"ltr\" lang=\"ro\">\n<p class=\"CookieDeclarationTypeHeader\">Necesare \/ Necessary (2)<\/p>\n<p>Cookie-urile necesare ajut\u0103 la a face un site utilizabil prin activarea func\u0163iilor de baz\u0103, precum navigarea \u00een pagin\u0103 \u015fi accesul la zonele securizate de pe site. Site-ul nu poate func\u0163iona corespunz\u0103tor f\u0103r\u0103 aceste cookie-uri.<\/p>\n<p>&nbsp;<\/p>\n<p><strong>EN<\/strong>:<\/p>\n<p>Necessary cookies help make a website usable by enabling basic functions like page navigation and access to secure areas of the website. The website cannot function properly without these cookies.<\/p>\n<p>&nbsp;<\/p>\n<table class=\"CookieDeclarationTable\">\n<colgroup>\n<col \/>\n<col \/>\n<col \/>\n<col \/>\n<col \/><\/colgroup>\n<thead>\n<tr>\n<th class=\"CookieDeclarationTableHeader\" dir=\"ltr\" scope=\"col\">Denumire<\/th>\n<th class=\"CookieDeclarationTableHeader\" dir=\"ltr\" scope=\"col\">Furnizor<\/th>\n<th class=\"CookieDeclarationTableHeader\" dir=\"ltr\" scope=\"col\">Scop<\/th>\n<th class=\"CookieDeclarationTableHeader\" dir=\"ltr\" scope=\"col\">Expirare<\/th>\n<th class=\"CookieDeclarationTableHeader\" dir=\"ltr\" scope=\"col\">Tip<\/th>\n<\/tr>\n<\/thead>\n<tbody>\n<tr>\n<td class=\"CookieDeclarationTableCell\" title=\"CMSSESSID#\">CMSSESSID#<\/td>\n<td class=\"CookieDeclarationTableCell\">asii-curateniei.ro<\/td>\n<td class=\"CookieDeclarationTableCell\" title=\"Preserves users states across page requests.\">Preserves users states across page requests.<\/td>\n<td class=\"CookieDeclarationTableCell\" title=\"Session\">Session<\/td>\n<td class=\"CookieDeclarationTableCell\" title=\"HTTP Cookie\">HTTP Cookie<\/td>\n<\/tr>\n<tr>\n<td class=\"CookieDeclarationTableCell\" title=\"CookieConsent\">CookieConsent<\/td>\n<td class=\"CookieDeclarationTableCell\"><a title=\"Politica de confiden\u021bialitate a Cookiebot\" href=\"https:\/\/www.cookiebot.com\/goto\/privacy-policy\/\" target=\"_blank\" rel=\"noopener noreferrer nofollow\">Cookiebot<\/a><\/td>\n<td class=\"CookieDeclarationTableCell\" title=\"Stores the user's cookie consent state for the current domain\">Stores the user&#8217;s cookie consent state for the current domain<\/td>\n<td class=\"CookieDeclarationTableCell\" title=\"1 an\">1 an<\/td>\n<td class=\"CookieDeclarationTableCell\" title=\"HTTP Cookie\">HTTP Cookie<\/td>\n<\/tr>\n<\/tbody>\n<\/table>\n<\/div>\n<div class=\"CookieDeclarationType\" dir=\"ltr\" lang=\"ro\">\n<p class=\"CookieDeclarationTypeHeader\">Statistici \/ Statistics (3)<\/p>\n<p>Cookie-urile de statistic\u0103 \u00eei ajut\u0103 pe proprietarii unui site s\u0103 \u00een\u0163eleag\u0103 modul \u00een care vizitatorii interac\u0163ioneaz\u0103 cu site-urile prin colectarea \u015fi raportarea informa\u0163iilor \u00een mod anonim.<\/p>\n<p>&nbsp;<\/p>\n<p><strong>EN:<\/strong><\/p>\n<p>Statistics Statistic cookies help website owners to understand how visitors interact with websites by collecting and reporting information anonymously.<\/p>\n<table class=\"CookieDeclarationTable\">\n<colgroup>\n<col \/>\n<col \/>\n<col \/>\n<col \/>\n<col \/><\/colgroup>\n<thead>\n<tr>\n<th class=\"CookieDeclarationTableHeader\" dir=\"ltr\" scope=\"col\">Denumire<\/th>\n<th class=\"CookieDeclarationTableHeader\" dir=\"ltr\" scope=\"col\">Furnizor<\/th>\n<th class=\"CookieDeclarationTableHeader\" dir=\"ltr\" scope=\"col\">Scop<\/th>\n<th class=\"CookieDeclarationTableHeader\" dir=\"ltr\" scope=\"col\">Expirare<\/th>\n<th class=\"CookieDeclarationTableHeader\" dir=\"ltr\" scope=\"col\">Tip<\/th>\n<\/tr>\n<\/thead>\n<tbody>\n<tr>\n<td class=\"CookieDeclarationTableCell\" title=\"_ga\">_ga<\/td>\n<td class=\"CookieDeclarationTableCell\"><a title=\"Politica de confiden\u021bialitate a Google Tag Manager\" href=\"https:\/\/policies.google.com\/privacy\" target=\"_blank\" rel=\"noopener noreferrer nofollow\">Google Tag Manager<\/a><\/td>\n<td class=\"CookieDeclarationTableCell\" title=\"Registers a unique ID that is used to generate statistical data on how the visitor uses the website.\">Registers a unique ID that is used to generate statistical data on how the visitor uses the website.<\/td>\n<td class=\"CookieDeclarationTableCell\" title=\"2 ani\">2 ani<\/td>\n<td class=\"CookieDeclarationTableCell\" title=\"HTTP Cookie\">HTTP Cookie<\/td>\n<\/tr>\n<tr>\n<td class=\"CookieDeclarationTableCell\" title=\"_gat\">_gat<\/td>\n<td class=\"CookieDeclarationTableCell\"><a title=\"Politica de confiden\u021bialitate a Google Tag Manager\" href=\"https:\/\/policies.google.com\/privacy\" target=\"_blank\" rel=\"noopener noreferrer nofollow\">Google Tag Manager<\/a><\/td>\n<td class=\"CookieDeclarationTableCell\" title=\"Used by Google Analytics to throttle request rate\">Used by Google Analytics to throttle request rate<\/td>\n<td class=\"CookieDeclarationTableCell\" title=\"1 zi\">1 zi<\/td>\n<td class=\"CookieDeclarationTableCell\" title=\"HTTP Cookie\">HTTP Cookie<\/td>\n<\/tr>\n<tr>\n<td class=\"CookieDeclarationTableCell\" title=\"_gid\">_gid<\/td>\n<td class=\"CookieDeclarationTableCell\"><a title=\"Politica de confiden\u021bialitate a Google Tag Manager\" href=\"https:\/\/policies.google.com\/privacy\" target=\"_blank\" rel=\"noopener noreferrer nofollow\">Google Tag Manager<\/a><\/td>\n<td class=\"CookieDeclarationTableCell\" title=\"Registers a unique ID that is used to generate statistical data on how the visitor uses the website.\">Registers a unique ID that is used to generate statistical data on how the visitor uses the website.<\/td>\n<td class=\"CookieDeclarationTableCell\" title=\"1 zi\">1 zi<\/td>\n<td class=\"CookieDeclarationTableCell\" title=\"HTTP Cookie\">HTTP Cookie<\/td>\n<\/tr>\n<\/tbody>\n<\/table>\n<\/div>\n<div class=\"CookieDeclarationType\" dir=\"ltr\" lang=\"ro\">\n<p class=\"CookieDeclarationTypeHeader\">Marketing (1)<\/p>\n<p>Cookie-urile de marketing sunt utilizate pentru a-i urm\u0103ri pe utilizatori de la un site la altul. Inten\u0163ia este de a afi\u015fa anun\u0163uri relevante \u015fi antrenante pentru utilizatorii individuali, a\u015fadar ele sunt mai valoroase pentru agen\u0163iile de puiblicitate \u015fi p\u0103r\u0163ile ter\u0163e care se ocup\u0103 de publicitate.<\/p>\n<p>&nbsp;<\/p>\n<p><strong>EN:<\/strong><\/p>\n<p>Marketing cookies are used to track visitors across websites. The intention is to display ads that are relevant and engaging for the individual user and thereby more valuable for publishers and third party advertisers.<\/p>\n<p>&nbsp;<\/p>\n<table class=\"CookieDeclarationTable\">\n<colgroup>\n<col \/>\n<col \/>\n<col \/>\n<col \/>\n<col \/><\/colgroup>\n<thead>\n<tr>\n<th class=\"CookieDeclarationTableHeader\" dir=\"ltr\" scope=\"col\">Denumire<\/th>\n<th class=\"CookieDeclarationTableHeader\" dir=\"ltr\" scope=\"col\">Furnizor<\/th>\n<th class=\"CookieDeclarationTableHeader\" dir=\"ltr\" scope=\"col\">Scop<\/th>\n<th class=\"CookieDeclarationTableHeader\" dir=\"ltr\" scope=\"col\">Expirare<\/th>\n<th class=\"CookieDeclarationTableHeader\" dir=\"ltr\" scope=\"col\">Tip<\/th>\n<\/tr>\n<\/thead>\n<tbody>\n<tr>\n<td class=\"CookieDeclarationTableCell\" title=\"ads\/ga-audiences\">ads\/ga-audiences<\/td>\n<td class=\"CookieDeclarationTableCell\"><a title=\"Politica de confiden\u021bialitate a Google\" href=\"https:\/\/policies.google.com\/privacy\" target=\"_blank\" rel=\"noopener noreferrer nofollow\">Google<\/a><\/td>\n<td class=\"CookieDeclarationTableCell\" title=\"Used by Google AdWords to re-engage visitors that are likely to convert to customers based on the visitor's online behaviour across websites.\">Used by Google AdWords to re-engage visitors that are likely to convert to customers based on the visitor&#8217;s online behaviour across websites.<\/td>\n<td class=\"CookieDeclarationTableCell\" title=\"Session\">Session<\/td>\n<td class=\"CookieDeclarationTableCell\" title=\"Pixel Tracker\">Pixel Tracker<\/td>\n<\/tr>\n<\/tbody>\n<\/table>\n<\/div>\n<div class=\"CookieDeclarationType\" dir=\"ltr\" lang=\"ro\">\n<p class=\"CookieDeclarationTypeHeader\">Neclasificate \/ Unclassified (5)<\/p>\n<p>Cookie-urile neclasificate sunt cookie-uri \u00een curs de clasificare, \u00eempreun\u0103 cu furnizorii de cookie-uri individuale.<\/p>\n<p>&nbsp;<\/p>\n<p><strong>EN:<\/strong><\/p>\n<p>Unclassified cookies are cookies that we are in the process of classifying, together with the providers of individual cookies.<\/p>\n<p>&nbsp;<\/p>\n<table class=\"CookieDeclarationTable\">\n<colgroup>\n<col \/>\n<col \/>\n<col \/>\n<col \/>\n<col \/><\/colgroup>\n<thead>\n<tr>\n<th class=\"CookieDeclarationTableHeader\" dir=\"ltr\" scope=\"col\">Denumire<\/th>\n<th class=\"CookieDeclarationTableHeader\" dir=\"ltr\" scope=\"col\">Furnizor<\/th>\n<th class=\"CookieDeclarationTableHeader\" dir=\"ltr\" scope=\"col\">Scop<\/th>\n<th class=\"CookieDeclarationTableHeader\" dir=\"ltr\" scope=\"col\">Expirare<\/th>\n<th class=\"CookieDeclarationTableHeader\" dir=\"ltr\" scope=\"col\">Tip<\/th>\n<\/tr>\n<\/thead>\n<tbody>\n<tr>\n<td class=\"CookieDeclarationTableCell\" title=\"jv_history_#\">jv_history_#<\/td>\n<td class=\"CookieDeclarationTableCell\"><a title=\"Politica de confiden\u021bialitate a Google Tag Manager\" href=\"https:\/\/policies.google.com\/privacy\" target=\"_blank\" rel=\"noopener noreferrer nofollow\">Google Tag Manager<\/a><\/td>\n<td class=\"CookieDeclarationTableCell\" title=\"\u00cen a\u0219teptare\">\u00cen a\u0219teptare<\/td>\n<td class=\"CookieDeclarationTableCell\" title=\"Persistent\">Persistent<\/td>\n<td class=\"CookieDeclarationTableCell\" title=\"HTML Local Storage\">HTML Local Storage<\/td>\n<\/tr>\n<tr>\n<td class=\"CookieDeclarationTableCell\" title=\"jv_loader_info_#\">jv_loader_info_#<\/td>\n<td class=\"CookieDeclarationTableCell\"><a title=\"Politica de confiden\u021bialitate a Google Tag Manager\" href=\"https:\/\/policies.google.com\/privacy\" target=\"_blank\" rel=\"noopener noreferrer nofollow\">Google Tag Manager<\/a><\/td>\n<td class=\"CookieDeclarationTableCell\" title=\"\u00cen a\u0219teptare\">\u00cen a\u0219teptare<\/td>\n<td class=\"CookieDeclarationTableCell\" title=\"Persistent\">Persistent<\/td>\n<td class=\"CookieDeclarationTableCell\" title=\"HTML Local Storage\">HTML Local Storage<\/td>\n<\/tr>\n<tr>\n<td class=\"CookieDeclarationTableCell\" title=\"jv_store_#_client\">jv_store_#_client<\/td>\n<td class=\"CookieDeclarationTableCell\"><a title=\"Politica de confiden\u021bialitate a Google Tag Manager\" href=\"https:\/\/policies.google.com\/privacy\" target=\"_blank\" rel=\"noopener noreferrer nofollow\">Google Tag Manager<\/a><\/td>\n<td class=\"CookieDeclarationTableCell\" title=\"\u00cen a\u0219teptare\">\u00cen a\u0219teptare<\/td>\n<td class=\"CookieDeclarationTableCell\" title=\"Persistent\">Persistent<\/td>\n<td class=\"CookieDeclarationTableCell\" title=\"HTML Local Storage\">HTML Local Storage<\/td>\n<\/tr>\n<tr>\n<td class=\"CookieDeclarationTableCell\" title=\"jv_temp_sess_enter_ts_#\">jv_temp_sess_enter_ts_#<\/td>\n<td class=\"CookieDeclarationTableCell\"><a title=\"Politica de confiden\u021bialitate a Google Tag Manager\" href=\"https:\/\/policies.google.com\/privacy\" target=\"_blank\" rel=\"noopener noreferrer nofollow\">Google Tag Manager<\/a><\/td>\n<td class=\"CookieDeclarationTableCell\" title=\"\u00cen a\u0219teptare\">\u00cen a\u0219teptare<\/td>\n<td class=\"CookieDeclarationTableCell\" title=\"Persistent\">Persistent<\/td>\n<td class=\"CookieDeclarationTableCell\" title=\"HTML Local Storage\">HTML Local Storage<\/td>\n<\/tr>\n<tr>\n<td class=\"CookieDeclarationTableCell\" title=\"jv_temp_visits_count_#\">jv_temp_visits_count_#<\/td>\n<td class=\"CookieDeclarationTableCell\"><a title=\"Politica de confiden\u021bialitate a Google Tag Manager\" href=\"https:\/\/policies.google.com\/privacy\" target=\"_blank\" rel=\"noopener noreferrer nofollow\">Google Tag Manager<\/a><\/td>\n<td class=\"CookieDeclarationTableCell\" title=\"\u00cen a\u0219teptare\">\u00cen a\u0219teptare<\/td>\n<td class=\"CookieDeclarationTableCell\" title=\"Persistent\">Persistent<\/td>\n<td class=\"CookieDeclarationTableCell\" title=\"HTML Local Storage\">HTML Local Storage<\/td>\n<\/tr>\n<\/tbody>\n<\/table>\n<\/div>\n<\/div>\n<\/div>\n<p><strong>Can I disable cookies?<\/strong><\/p>\n<p>Of course! Each browser has a section that allows you to control how cookies are saved. It is enough to access that menu and set your preferences. Detailed information will be available on the technical support websites of each browser.<\/p>\n<p>Security and confidentiality issues<\/p>\n<p><strong>Cookies are NOT Viruses!<\/strong>\u00a0They use plain text formats. They are not made of pieces of code so they can not be executed nor can they auto-run. Consequently, they can not duplicate or replicate on other networks to run or replicate again. Because they can not perform these functions, they can not be considered viruses.<\/p>\n<p>Cookies can nevertheless be used for negative purposes. Because it stores information about user preferences and browsing history, both on a particular site and on several other sites, cookies can be used as a form of Spyware. Many anti-spyware products are aware of this and consistently mark cookies to be deleted in anti-virus \/ anti-spyware removal \/ scanning procedures.<\/p>\n<p>In general, browsers have built in privacy settings that provide different levels of cookie acceptance, shelf life, and automatic deletion after the user has visited a particular site.<\/p>\n<p>Other security issues related to cookies:<\/p>\n<p>Since identity protection is very valuable and is the right of every internet user, it is advisable to know what issues can create cookies. Because their information is constantly transmitted in both directions between the browser and the website, if an attacker or an unauthorized person interferes with the data transmission path, the information contained in the cookie can be intercepted.<\/p>\n<p>This can happen if the browser connects to the server using an unencrypted network (eg an unsecured WiFi network).<\/p>\n<p>Other cookie-based attacks involve incorrect cookie settings on the servers. If a website does not require the browser to use only encrypted channels, attackers can use this vulnerability to mislead browsers to send information via unsecured channels. Attackers then use the information for purposes of unauthorized access to certain websites. It is very important to be careful in choosing the most appropriate method of protecting personal information.<\/p>\n<p><strong>Tips for safe and responsible cookie-based navigation.<\/strong><\/p>\n<p>Due to their flexibility and the fact that most of the most visited websites and the biggest ones use cookies, they are almost inevitable. Disabling cookies will not allow the user to access the most popular and used sites, including Youtube, Gmail, Yahoo and others.<\/p>\n<p><strong>Here are some tips that can help you navigate without worries, but with cookies:<\/strong><\/p>\n<p>\u2022 Customize your browser settings for cookies to reflect a comfortable level for you, cookie security.<\/p>\n<p>\u2022 If you do not mind cookies and are the only person using your computer, you can set expiration dates to store your browsing history and personal data.<\/p>\n<p>\u2022 If you share access to your computer, you can consider the browser setting to delete individual browsing data each time you close your browser. This is a way to access websites that place cookies and to delete any visitor information when closing the browsing session.<\/p>\n<p>\u2022 Install and constantly update your antispyware applications.<\/p>\n<p>Many of the applications for detecting and preventing spyware include detecting attacks on websites. This prevents the browser from accessing websites that could exploit browser vulnerabilities or download dangerous software.<\/p>\n<p>Make sure your browser is always up-to-date.<\/p>\n<p>Many of the cookies-based attacks are exploited by exploiting the weaknesses of the old versions of browsers.<\/p>\n<p>Cookies are everywhere and can not be avoided if you want to enjoy access to the best and greatest websites on the Internet &#8211; local or international. With a clear understanding of how they work and the benefits they bring, you can take the necessary security measures so you can surf the Internet with confidence.<\/p>\n<p><strong>How do I stop cookies?<\/strong><\/p>\n<p>Disabling and refusing to receive cookies can make certain websites inaccessible \/ inoperable or difficult to visit and use. Also, refusing to accept cookies does not mean you will not get \/ see online advertising anymore.<\/p>\n<p>It is possible to set up the browser so that these cookies are no longer supported or you can set the browser to accept cookies from a specific site. But, for example, if you are not registered using cookies, you will not be able to leave comments.<\/p>\n<p>All modern browsers offer the ability to change cookie settings. These settings are usually found in your browser&#8217;s &#8220;options&#8221; or &#8220;preferences&#8221; menu.<\/p>\n<p>For third-party cookie settings, you can also visit the site: www.youronlinechoices.com\/en\/<\/p>\n<\/div>\n<\/div>\n<figure class=\"contact-r\"><\/figure>\n<p>[\/vc_column_text][\/vc_column][\/vc_row]<\/p>\n","protected":false},"excerpt":{"rendered":"<p>[vc_row][vc_column][vc_column_text] Privacy Policy We use cookies to customize content and ads, to provide social networking features and to analyze traffic. We also offer social networking, advertising, and analytics partners information on how you use our site. They can combine them with other information you provide or collected from using their services. The information below is [&hellip;]<\/p>\n","protected":false},"author":1,"featured_media":0,"parent":0,"menu_order":0,"comment_status":"closed","ping_status":"closed","template":"","meta":{"footnotes":""},"class_list":["post-144","page","type-page","status-publish","hentry"],"_links":{"self":[{"href":"https:\/\/asii-curateniei.ro\/en\/wp-json\/wp\/v2\/pages\/144","targetHints":{"allow":["GET"]}}],"collection":[{"href":"https:\/\/asii-curateniei.ro\/en\/wp-json\/wp\/v2\/pages"}],"about":[{"href":"https:\/\/asii-curateniei.ro\/en\/wp-json\/wp\/v2\/types\/page"}],"author":[{"embeddable":true,"href":"https:\/\/asii-curateniei.ro\/en\/wp-json\/wp\/v2\/users\/1"}],"replies":[{"embeddable":true,"href":"https:\/\/asii-curateniei.ro\/en\/wp-json\/wp\/v2\/comments?post=144"}],"version-history":[{"count":3,"href":"https:\/\/asii-curateniei.ro\/en\/wp-json\/wp\/v2\/pages\/144\/revisions"}],"predecessor-version":[{"id":283,"href":"https:\/\/asii-curateniei.ro\/en\/wp-json\/wp\/v2\/pages\/144\/revisions\/283"}],"wp:attachment":[{"href":"https:\/\/asii-curateniei.ro\/en\/wp-json\/wp\/v2\/media?parent=144"}],"curies":[{"name":"wp","href":"https:\/\/api.w.org\/{rel}","templated":true}]}}